{"id":48,"date":"2024-08-30T18:50:59","date_gmt":"2024-08-30T16:50:59","guid":{"rendered":"https:\/\/vanaheim-galery.fr\/?page_id=48"},"modified":"2024-08-31T15:24:39","modified_gmt":"2024-08-31T13:24:39","slug":"portfolio","status":"publish","type":"page","link":"https:\/\/vanaheim-galery.fr\/index.php\/portfolio\/","title":{"rendered":"Portfolio"},"content":{"rendered":"<p>[et_pb_section fb_built=&#8221;1&#8243; admin_label=&#8221;Header&#8221; _builder_version=&#8221;4.21.0&#8243; _module_preset=&#8221;default&#8221; background_color=&#8221;gcid-8020c5c5-3063-43d3-92c5-9fcdd948cb76&#8243; locked=&#8221;off&#8221; collapsed=&#8221;on&#8221; global_colors_info=&#8221;{%22gcid-8020c5c5-3063-43d3-92c5-9fcdd948cb76%22:%91%22background_color%22%93}&#8221;][\/et_pb_section][et_pb_section fb_built=&#8221;1&#8243; admin_label=&#8221;Resources&#8221; _builder_version=&#8221;4.21.0&#8243; _module_preset=&#8221;default&#8221; background_color=&#8221;gcid-8020c5c5-3063-43d3-92c5-9fcdd948cb76&#8243; custom_padding=&#8221;||54px|||&#8221; locked=&#8221;off&#8221; collapsed=&#8221;on&#8221; global_colors_info=&#8221;{%22gcid-8020c5c5-3063-43d3-92c5-9fcdd948cb76%22:%91%22background_color%22%93}&#8221;][et_pb_row column_structure=&#8221;1_3,1_3,1_3&#8243; _builder_version=&#8221;4.21.0&#8243; _module_preset=&#8221;default&#8221; global_colors_info=&#8221;{}&#8221;][et_pb_column type=&#8221;1_3&#8243; _builder_version=&#8221;4.21.0&#8243; _module_preset=&#8221;default&#8221; background_color=&#8221;gcid-82d83944-af25-421c-b75e-b1248ab1bd38&#8243; custom_padding=&#8221;60px|30px|60px|30px|true|true&#8221; custom_padding_tablet=&#8221;40px||40px||true|false&#8221; custom_padding_phone=&#8221;30px|20px|30px|20px|true|true&#8221; custom_padding_last_edited=&#8221;on|desktop&#8221; border_radii=&#8221;on|20px|20px|20px|20px&#8221; global_colors_info=&#8221;{%22gcid-82d83944-af25-421c-b75e-b1248ab1bd38%22:%91%22background_color%22%93}&#8221;][et_pb_blurb image_icon_background_color=&#8221;gcid-d56b11f6-dc06-41b2-8031-9ed0987eccaf&#8221; icon_alignment=&#8221;left&#8221; content_max_width=&#8221;100%&#8221; _builder_version=&#8221;4.27.0&#8243; _module_preset=&#8221;default&#8221; image_icon_custom_padding=&#8221;8px|8px|8px|8px|true|true&#8221; custom_margin=&#8221;||0px||false|false&#8221; border_radii_image=&#8221;on|100px|100px|100px|100px&#8221; global_colors_info=&#8221;{%22gcid-d56b11f6-dc06-41b2-8031-9ed0987eccaf%22:%91%22image_icon_background_color%22%93}&#8221;][\/et_pb_blurb][et_pb_text _builder_version=&#8221;4.27.0&#8243; _module_preset=&#8221;e8f6f812-5ab5-4b38-b0f8-37d35fa6003f&#8221; header_4_text_color=&#8221;gcid-d56b11f6-dc06-41b2-8031-9ed0987eccaf&#8221; custom_margin=&#8221;||0px||false|false&#8221; link_option_url=&#8221;https:\/\/vanaheim-galery.fr\/index.php\/hotel-isidore\/&#8221; global_colors_info=&#8221;{%22gcid-d56b11f6-dc06-41b2-8031-9ed0987eccaf%22:%91%22header_4_text_color%22%93}&#8221;]<\/p>\n<h4>Hotel Isidore<img loading=\"lazy\" decoding=\"async\" src=\"http:\/\/vanaheim-galery.fr\/wp-content\/uploads\/2024\/08\/espace_bien_etre_mockup-300x225.png\" width=\"300\" height=\"225\" alt=\"\" class=\"wp-image-82 alignnone size-medium\" \/><\/h4>\n<p>[\/et_pb_text][et_pb_text _builder_version=&#8221;4.21.0&#8243; _module_preset=&#8221;2072fc45-ed75-41a5-84ad-b61674a85290&#8243; text_text_color=&#8221;#FFFFFF&#8221; global_colors_info=&#8221;{}&#8221;]<\/p>\n<p>Refonte de tous les supports de communication print : livret d&#8217;accueil, plaquette,<br \/>brochure, mode d\u2019emploi,<br \/>plan des chambres&#8230;<\/p>\n<p>[\/et_pb_text][\/et_pb_column][et_pb_column type=&#8221;1_3&#8243; _builder_version=&#8221;4.21.0&#8243; _module_preset=&#8221;default&#8221; background_color=&#8221;gcid-82d83944-af25-421c-b75e-b1248ab1bd38&#8243; custom_padding=&#8221;60px|30px|60px|30px|true|true&#8221; custom_padding_tablet=&#8221;40px||40px||true|false&#8221; custom_padding_phone=&#8221;30px|20px|30px|20px|true|true&#8221; custom_padding_last_edited=&#8221;on|desktop&#8221; border_radii=&#8221;on|20px|20px|20px|20px&#8221; global_colors_info=&#8221;{%22gcid-82d83944-af25-421c-b75e-b1248ab1bd38%22:%91%22background_color%22%93}&#8221;][et_pb_blurb image_icon_background_color=&#8221;gcid-84650058-bfd1-480b-a137-db1bd8df839c&#8221; icon_alignment=&#8221;left&#8221; content_max_width=&#8221;100%&#8221; _builder_version=&#8221;4.27.0&#8243; _module_preset=&#8221;default&#8221; image_icon_custom_padding=&#8221;8px|8px|8px|8px|true|true&#8221; custom_margin=&#8221;||0px||false|false&#8221; border_radii_image=&#8221;on|100px|100px|100px|100px&#8221; global_colors_info=&#8221;{%22gcid-84650058-bfd1-480b-a137-db1bd8df839c%22:%91%22image_icon_background_color%22%93}&#8221;][\/et_pb_blurb][et_pb_text _builder_version=&#8221;4.27.0&#8243; _module_preset=&#8221;e8f6f812-5ab5-4b38-b0f8-37d35fa6003f&#8221; header_4_text_color=&#8221;gcid-84650058-bfd1-480b-a137-db1bd8df839c&#8221; custom_margin=&#8221;||0px||false|false&#8221; link_option_url=&#8221;https:\/\/vanaheim-galery.fr\/index.php\/groupe-daucy\/&#8221; global_colors_info=&#8221;{%22gcid-84650058-bfd1-480b-a137-db1bd8df839c%22:%91%22header_4_text_color%22%93}&#8221;]<\/p>\n<h4>Groupe d&#8217;aucy<img loading=\"lazy\" decoding=\"async\" src=\"http:\/\/vanaheim-galery.fr\/wp-content\/uploads\/2024\/08\/IMG_71462-300x252.jpg\" width=\"300\" height=\"252\" alt=\"\" class=\"wp-image-84 alignnone size-medium\" \/><\/h4>\n<p>[\/et_pb_text][et_pb_text _builder_version=&#8221;4.21.0&#8243; _module_preset=&#8221;2072fc45-ed75-41a5-84ad-b61674a85290&#8243; text_text_color=&#8221;#FFFFFF&#8221; global_colors_info=&#8221;{}&#8221;]<\/p>\n<p>Communication interne \u00e0 l&#8217;entreprise tourn\u00e9e vers les \u00e9v\u00e8nements organis\u00e9s et les besoins des salari\u00e9s\u00a0<\/p>\n<p>[\/et_pb_text][\/et_pb_column][et_pb_column type=&#8221;1_3&#8243; _builder_version=&#8221;4.21.0&#8243; _module_preset=&#8221;default&#8221; background_color=&#8221;gcid-82d83944-af25-421c-b75e-b1248ab1bd38&#8243; custom_padding=&#8221;60px|30px|60px|30px|true|true&#8221; custom_padding_tablet=&#8221;40px||40px||true|false&#8221; custom_padding_phone=&#8221;30px|20px|30px|20px|true|true&#8221; custom_padding_last_edited=&#8221;on|desktop&#8221; border_radii=&#8221;on|20px|20px|20px|20px&#8221; global_colors_info=&#8221;{%22gcid-82d83944-af25-421c-b75e-b1248ab1bd38%22:%91%22background_color%22%93}&#8221;][et_pb_text _builder_version=&#8221;4.27.0&#8243; _module_preset=&#8221;e8f6f812-5ab5-4b38-b0f8-37d35fa6003f&#8221; header_4_text_color=&#8221;gcid-9bc549a6-6baa-437d-870d-a5c4631249b2&#8243; custom_margin=&#8221;||0px||false|false&#8221; link_option_url=&#8221;https:\/\/vanaheim-galery.fr\/index.php\/p2id\/&#8221; global_colors_info=&#8221;{%22gcid-9bc549a6-6baa-437d-870d-a5c4631249b2%22:%91%22header_4_text_color%22%93}&#8221;]<\/p>\n<h4>P2iD<img loading=\"lazy\" decoding=\"async\" src=\"http:\/\/vanaheim-galery.fr\/wp-content\/uploads\/2024\/08\/EDITION-VITRE-300x248.jpg\" width=\"300\" height=\"248\" alt=\"\" class=\"wp-image-88 alignnone size-medium\" \/><\/h4>\n<p>[\/et_pb_text][et_pb_text _builder_version=&#8221;4.21.0&#8243; _module_preset=&#8221;2072fc45-ed75-41a5-84ad-b61674a85290&#8243; text_text_color=&#8221;rgba(255,255,255,0.81)&#8221; global_colors_info=&#8221;{}&#8221;]<\/p>\n<p>Marquage sur tous supports, papier, v\u00e9hicules, objets, textile.<br \/>Mise en page , cr\u00e9ation graphique et r\u00e9alisation de sites internet \u00e0 destination de professionnels du secteur de Redon\u00a0<\/p>\n<p>[\/et_pb_text][\/et_pb_column][\/et_pb_row][et_pb_row column_structure=&#8221;1_3,1_3,1_3&#8243; _builder_version=&#8221;4.27.0&#8243; _module_preset=&#8221;default&#8221; global_colors_info=&#8221;{}&#8221;][et_pb_column type=&#8221;1_3&#8243; _builder_version=&#8221;4.21.0&#8243; _module_preset=&#8221;default&#8221; background_color=&#8221;gcid-82d83944-af25-421c-b75e-b1248ab1bd38&#8243; custom_padding=&#8221;60px|30px|60px|30px|true|true&#8221; custom_padding_tablet=&#8221;40px||40px||true|false&#8221; custom_padding_phone=&#8221;30px|20px|30px|20px|true|true&#8221; custom_padding_last_edited=&#8221;on|desktop&#8221; border_radii=&#8221;on|20px|20px|20px|20px&#8221; global_colors_info=&#8221;{%22gcid-82d83944-af25-421c-b75e-b1248ab1bd38%22:%91%22background_color%22%93}&#8221;][et_pb_blurb image_icon_background_color=&#8221;gcid-84650058-bfd1-480b-a137-db1bd8df839c&#8221; icon_alignment=&#8221;left&#8221; content_max_width=&#8221;100%&#8221; _builder_version=&#8221;4.27.0&#8243; _module_preset=&#8221;default&#8221; image_icon_custom_padding=&#8221;8px|8px|8px|8px|true|true&#8221; custom_margin=&#8221;||0px||false|false&#8221; border_radii_image=&#8221;on|100px|100px|100px|100px&#8221; global_colors_info=&#8221;{%22gcid-84650058-bfd1-480b-a137-db1bd8df839c%22:%91%22image_icon_background_color%22%93}&#8221;][\/et_pb_blurb][et_pb_text _builder_version=&#8221;4.27.0&#8243; _module_preset=&#8221;e8f6f812-5ab5-4b38-b0f8-37d35fa6003f&#8221; header_4_text_color=&#8221;gcid-84650058-bfd1-480b-a137-db1bd8df839c&#8221; custom_margin=&#8221;||0px||false|false&#8221; link_option_url=&#8221;https:\/\/vanaheim-galery.fr\/index.php\/esensmana\/&#8221; global_colors_info=&#8221;{%22gcid-84650058-bfd1-480b-a137-db1bd8df839c%22:%91%22header_4_text_color%22%93}&#8221;]<\/p>\n<h4>Esensmana<img loading=\"lazy\" decoding=\"async\" src=\"http:\/\/vanaheim-galery.fr\/wp-content\/uploads\/2024\/08\/Caroussel-CMJN-01-1-300x300.jpg\" width=\"300\" height=\"300\" alt=\"\" class=\"wp-image-92 alignnone size-medium\" \/><\/h4>\n<h4><\/h4>\n<p>[\/et_pb_text][et_pb_text _builder_version=&#8221;4.21.0&#8243; _module_preset=&#8221;2072fc45-ed75-41a5-84ad-b61674a85290&#8243; text_text_color=&#8221;rgba(255,255,255,0.81)&#8221; global_colors_info=&#8221;{}&#8221;]<\/p>\n<p>Cr\u00e9ations graphiques \u00e0 destination des r\u00e9seaux sociaux<\/p>\n<p>[\/et_pb_text][et_pb_text _builder_version=&#8221;4.21.0&#8243; _module_preset=&#8221;2072fc45-ed75-41a5-84ad-b61674a85290&#8243; text_text_color=&#8221;#FFFFFF&#8221; custom_padding=&#8221;||0px|||&#8221; global_colors_info=&#8221;{}&#8221;][\/et_pb_text][\/et_pb_column][et_pb_column type=&#8221;1_3&#8243; _builder_version=&#8221;4.21.0&#8243; _module_preset=&#8221;default&#8221; background_color=&#8221;gcid-82d83944-af25-421c-b75e-b1248ab1bd38&#8243; custom_padding=&#8221;60px|30px|60px|30px|true|true&#8221; custom_padding_tablet=&#8221;40px||40px||true|false&#8221; custom_padding_phone=&#8221;30px|20px|30px|20px|true|true&#8221; custom_padding_last_edited=&#8221;on|desktop&#8221; border_radii=&#8221;on|20px|20px|20px|20px&#8221; global_colors_info=&#8221;{%22gcid-82d83944-af25-421c-b75e-b1248ab1bd38%22:%91%22background_color%22%93}&#8221;][et_pb_text _builder_version=&#8221;4.27.0&#8243; _module_preset=&#8221;e8f6f812-5ab5-4b38-b0f8-37d35fa6003f&#8221; header_4_text_color=&#8221;gcid-9bc549a6-6baa-437d-870d-a5c4631249b2&#8243; custom_margin=&#8221;||0px||false|false&#8221; link_option_url=&#8221;https:\/\/vanaheim-galery.fr\/index.php\/freelance\/&#8221; global_colors_info=&#8221;{%22gcid-9bc549a6-6baa-437d-870d-a5c4631249b2%22:%91%22header_4_text_color%22%93}&#8221;]<\/p>\n<h4>Missions freelance<img loading=\"lazy\" decoding=\"async\" src=\"http:\/\/vanaheim-galery.fr\/wp-content\/uploads\/2024\/08\/m012t083feb2222view07-259x300.jpg\" width=\"259\" height=\"300\" alt=\"\" class=\"wp-image-98 alignnone size-medium\" \/><\/h4>\n<p>[\/et_pb_text][et_pb_text _builder_version=&#8221;4.21.0&#8243; _module_preset=&#8221;2072fc45-ed75-41a5-84ad-b61674a85290&#8243; text_text_color=&#8221;rgba(255,255,255,0.81)&#8221; global_colors_info=&#8221;{}&#8221;]<\/p>\n<p>Divers projets de cr\u00e9ation graphique pour professionnels, associations, particuliers&#8230;<\/p>\n<p>[\/et_pb_text][\/et_pb_column][et_pb_column type=&#8221;1_3&#8243; _builder_version=&#8221;4.21.0&#8243; _module_preset=&#8221;default&#8221; background_color=&#8221;gcid-82d83944-af25-421c-b75e-b1248ab1bd38&#8243; custom_padding=&#8221;60px|30px|60px|30px|true|true&#8221; custom_padding_tablet=&#8221;40px||40px||true|false&#8221; custom_padding_phone=&#8221;30px|20px|30px|20px|true|true&#8221; custom_padding_last_edited=&#8221;on|desktop&#8221; border_radii=&#8221;on|20px|20px|20px|20px&#8221; global_colors_info=&#8221;{%22gcid-82d83944-af25-421c-b75e-b1248ab1bd38%22:%91%22background_color%22%93}&#8221;][et_pb_blurb image_icon_background_color=&#8221;gcid-d56b11f6-dc06-41b2-8031-9ed0987eccaf&#8221; icon_alignment=&#8221;left&#8221; content_max_width=&#8221;100%&#8221; _builder_version=&#8221;4.27.0&#8243; _module_preset=&#8221;default&#8221; image_icon_custom_padding=&#8221;8px|8px|8px|8px|true|true&#8221; custom_margin=&#8221;||0px||false|false&#8221; border_radii_image=&#8221;on|100px|100px|100px|100px&#8221; global_colors_info=&#8221;{%22gcid-d56b11f6-dc06-41b2-8031-9ed0987eccaf%22:%91%22image_icon_background_color%22%93}&#8221;][\/et_pb_blurb][et_pb_text _builder_version=&#8221;4.27.0&#8243; _module_preset=&#8221;e8f6f812-5ab5-4b38-b0f8-37d35fa6003f&#8221; header_4_text_color=&#8221;gcid-d56b11f6-dc06-41b2-8031-9ed0987eccaf&#8221; custom_margin=&#8221;||0px||false|false&#8221; link_option_url=&#8221;https:\/\/vanaheim-galery.fr\/index.php\/njordvik-2\/&#8221; global_colors_info=&#8221;{%22gcid-d56b11f6-dc06-41b2-8031-9ed0987eccaf%22:%91%22header_4_text_color%22%93}&#8221;]<\/p>\n<h4>Njordvik<\/h4>\n<p><img loading=\"lazy\" decoding=\"async\" src=\"http:\/\/vanaheim-galery.fr\/wp-content\/uploads\/2024\/08\/Njordvik-225x300.jpg\" width=\"225\" height=\"300\" alt=\"\" class=\"wp-image-94 alignnone size-medium\" \/><\/p>\n<p>[\/et_pb_text][et_pb_text _builder_version=&#8221;4.27.0&#8243; _module_preset=&#8221;2072fc45-ed75-41a5-84ad-b61674a85290&#8243; text_text_color=&#8221;#FFFFFF&#8221; global_colors_info=&#8221;{}&#8221;]<\/p>\n<p>B\u00e9n\u00e9volat\u00a0<\/p>\n<p>Cr\u00e9ation du site internet, carte de visite et gestion des r\u00e9seaux sociaux<\/p>\n<p>[\/et_pb_text][\/et_pb_column][\/et_pb_row][\/et_pb_section][et_pb_section fb_built=&#8221;1&#8243; admin_label=&#8221;Footer&#8221; _builder_version=&#8221;4.21.0&#8243; _module_preset=&#8221;default&#8221; background_color=&#8221;gcid-8020c5c5-3063-43d3-92c5-9fcdd948cb76&#8243; saved_tabs=&#8221;all&#8221; locked=&#8221;off&#8221; collapsed=&#8221;on&#8221; global_colors_info=&#8221;{%22gcid-8020c5c5-3063-43d3-92c5-9fcdd948cb76%22:%91%22background_color%22%93}&#8221;][\/et_pb_section]<\/p>\n","protected":false},"excerpt":{"rendered":"<p>Hotel IsidoreRefonte de tous les supports de communication print : livret d&#8217;accueil, plaquette,brochure, mode d\u2019emploi,plan des chambres&#8230;Groupe d&#8217;aucyCommunication interne \u00e0 l&#8217;entreprise tourn\u00e9e vers les \u00e9v\u00e8nements organis\u00e9s et les besoins des salari\u00e9s\u00a0P2iDMarquage sur tous supports, papier, v\u00e9hicules, objets, textile.Mise en page , cr\u00e9ation graphique et r\u00e9alisation de sites internet \u00e0 destination de professionnels du secteur de [&hellip;]<\/p>\n","protected":false},"author":1,"featured_media":0,"parent":0,"menu_order":0,"comment_status":"closed","ping_status":"closed","template":"","meta":{"_et_pb_use_builder":"on","_et_pb_old_content":"","_et_gb_content_width":"","footnotes":""},"class_list":["post-48","page","type-page","status-publish","hentry"],"_links":{"self":[{"href":"https:\/\/vanaheim-galery.fr\/index.php\/wp-json\/wp\/v2\/pages\/48","targetHints":{"allow":["GET"]}}],"collection":[{"href":"https:\/\/vanaheim-galery.fr\/index.php\/wp-json\/wp\/v2\/pages"}],"about":[{"href":"https:\/\/vanaheim-galery.fr\/index.php\/wp-json\/wp\/v2\/types\/page"}],"author":[{"embeddable":true,"href":"https:\/\/vanaheim-galery.fr\/index.php\/wp-json\/wp\/v2\/users\/1"}],"replies":[{"embeddable":true,"href":"https:\/\/vanaheim-galery.fr\/index.php\/wp-json\/wp\/v2\/comments?post=48"}],"version-history":[{"count":21,"href":"https:\/\/vanaheim-galery.fr\/index.php\/wp-json\/wp\/v2\/pages\/48\/revisions"}],"predecessor-version":[{"id":214,"href":"https:\/\/vanaheim-galery.fr\/index.php\/wp-json\/wp\/v2\/pages\/48\/revisions\/214"}],"wp:attachment":[{"href":"https:\/\/vanaheim-galery.fr\/index.php\/wp-json\/wp\/v2\/media?parent=48"}],"curies":[{"name":"wp","href":"https:\/\/api.w.org\/{rel}","templated":true}]}}